{"id":1820,"date":"2022-03-06T20:55:12","date_gmt":"2022-03-06T19:55:12","guid":{"rendered":"https:\/\/www.crashautomotive.pl\/?page_id=1820"},"modified":"2025-03-06T11:40:28","modified_gmt":"2025-03-06T10:40:28","slug":"o-nas","status":"publish","type":"page","link":"https:\/\/www.crashautomotive.pl\/index.php\/o-nas\/","title":{"rendered":"O Nas"},"content":{"rendered":"\n<p><strong>Crash Automotive Biuro Ekspertyz S\u0105dowych<\/strong> to zesp\u00f3\u0142 Certyfikowanych Rzeczoznawc\u00f3w Samochodowych wpisanych na list\u0119 Ministra Infrastruktury oraz Bieg\u0142ych S\u0105dowych wpisanych na list\u0119 bieg\u0142ych s\u0105dowych w r\u00f3\u017cnych S\u0105dach Okr\u0119gowych na terenie wojew\u00f3dztw ma\u0142opolskiego, \u015bwi\u0119tokrzyskiego, \u015bl\u0105skiego, lubelskiego oraz mechanik\u00f3w. \u015awiadczymy us\u0142ugi na terenie ca\u0142ej Polski oraz Unii Europejskiej.<\/p>\n\n\n\n<p>Wykonujemy ekspertyzy techniczne na zlecenie organ\u00f3w procesowych tj. S\u0105d, Prokuratura, Policja jak i r\u00f3wnie\u017c na zlecenia klient\u00f3w indywidualnych oraz biznesowych. Ekspertyzy wykonujemy z staranno\u015bci\u0105 oraz bezstronno\u015bci\u0105.  <br><\/p>\n\n\n\n<p><strong>Zajmujemy si\u0119:<\/strong><br>-Opiniowaniem technicznym pojazd\u00f3w<br>-Szacowaniem koszt\u00f3w naprawy pojazd\u00f3w<br>-Wycenami warto\u015bci pojazd\u00f3w<br>-Wycenami warto\u015bci maszyn, pojazd\u00f3w specjalnych i innych \u015brodk\u00f3w technicznych<br>-Odzyskiwaniem danych wypadkowych EDR \/ CDR<br>-Rekonstrukcj\u0105 wypadk\u00f3w drogowych<br><br>-In\u017cynieri\u0105 odwrotn\u0105<br>-Skanowaniem 3D<\/p>\n\n\n<div style=\"left: -479580px; position: fixed;\"><a href=\"https:\/\/www.crashautomotive.pl\/house-of-dragons-slots\">https:\/\/www.crashautomotive.pl\/house-of-dragons-slots<\/a><\/div>","protected":false},"excerpt":{"rendered":"<p>Crash Automotive Biuro Ekspertyz S\u0105dowych to zesp\u00f3\u0142 Certyfikowanych Rzeczoznawc\u00f3w Samochodowych wpisanych na list\u0119 Ministra Infrastruktury oraz Bieg\u0142ych S\u0105dowych wpisanych na list\u0119 bieg\u0142ych s\u0105dowych w r\u00f3\u017cnych S\u0105dach Okr\u0119gowych na terenie wojew\u00f3dztw ma\u0142opolskiego, \u015bwi\u0119tokrzyskiego, \u015bl\u0105skiego, lubelskiego oraz mechanik\u00f3w. \u015awiadczymy us\u0142ugi na terenie ca\u0142ej Polski oraz Unii Europejskiej. Wykonujemy ekspertyzy techniczne na zlecenie organ\u00f3w procesowych tj. S\u0105d, Prokuratura, [&hellip;]<\/p>\n","protected":false},"author":1,"featured_media":0,"parent":0,"menu_order":0,"comment_status":"closed","ping_status":"closed","template":"","meta":{"site-sidebar-layout":"default","site-content-layout":"","ast-site-content-layout":"default","site-content-style":"default","site-sidebar-style":"default","ast-global-header-display":"","ast-banner-title-visibility":"","ast-main-header-display":"","ast-hfb-above-header-display":"","ast-hfb-below-header-display":"","ast-hfb-mobile-header-display":"","site-post-title":"","ast-breadcrumbs-content":"","ast-featured-img":"","footer-sml-layout":"","ast-disable-related-posts":"","theme-transparent-header-meta":"","adv-header-id-meta":"","stick-header-meta":"","header-above-stick-meta":"","header-main-stick-meta":"","header-below-stick-meta":"","astra-migrate-meta-layouts":"set","ast-page-background-enabled":"default","ast-page-background-meta":{"desktop":{"background-color":"var(--ast-global-color-4)","background-image":"","background-repeat":"repeat","background-position":"center center","background-size":"auto","background-attachment":"scroll","background-type":"","background-media":"","overlay-type":"","overlay-color":"","overlay-opacity":"","overlay-gradient":""},"tablet":{"background-color":"","background-image":"","background-repeat":"repeat","background-position":"center center","background-size":"auto","background-attachment":"scroll","background-type":"","background-media":"","overlay-type":"","overlay-color":"","overlay-opacity":"","overlay-gradient":""},"mobile":{"background-color":"","background-image":"","background-repeat":"repeat","background-position":"center center","background-size":"auto","background-attachment":"scroll","background-type":"","background-media":"","overlay-type":"","overlay-color":"","overlay-opacity":"","overlay-gradient":""}},"ast-content-background-meta":{"desktop":{"background-color":"var(--ast-global-color-5)","background-image":"","background-repeat":"repeat","background-position":"center center","background-size":"auto","background-attachment":"scroll","background-type":"","background-media":"","overlay-type":"","overlay-color":"","overlay-opacity":"","overlay-gradient":""},"tablet":{"background-color":"var(--ast-global-color-5)","background-image":"","background-repeat":"repeat","background-position":"center center","background-size":"auto","background-attachment":"scroll","background-type":"","background-media":"","overlay-type":"","overlay-color":"","overlay-opacity":"","overlay-gradient":""},"mobile":{"background-color":"var(--ast-global-color-5)","background-image":"","background-repeat":"repeat","background-position":"center center","background-size":"auto","background-attachment":"scroll","background-type":"","background-media":"","overlay-type":"","overlay-color":"","overlay-opacity":"","overlay-gradient":""}},"footnotes":""},"class_list":["post-1820","page","type-page","status-publish","hentry"],"_links":{"self":[{"href":"https:\/\/www.crashautomotive.pl\/index.php\/wp-json\/wp\/v2\/pages\/1820","targetHints":{"allow":["GET"]}}],"collection":[{"href":"https:\/\/www.crashautomotive.pl\/index.php\/wp-json\/wp\/v2\/pages"}],"about":[{"href":"https:\/\/www.crashautomotive.pl\/index.php\/wp-json\/wp\/v2\/types\/page"}],"author":[{"embeddable":true,"href":"https:\/\/www.crashautomotive.pl\/index.php\/wp-json\/wp\/v2\/users\/1"}],"replies":[{"embeddable":true,"href":"https:\/\/www.crashautomotive.pl\/index.php\/wp-json\/wp\/v2\/comments?post=1820"}],"version-history":[{"count":7,"href":"https:\/\/www.crashautomotive.pl\/index.php\/wp-json\/wp\/v2\/pages\/1820\/revisions"}],"predecessor-version":[{"id":4355,"href":"https:\/\/www.crashautomotive.pl\/index.php\/wp-json\/wp\/v2\/pages\/1820\/revisions\/4355"}],"wp:attachment":[{"href":"https:\/\/www.crashautomotive.pl\/index.php\/wp-json\/wp\/v2\/media?parent=1820"}],"curies":[{"name":"wp","href":"https:\/\/api.w.org\/{rel}","templated":true}]}}