{"id":28,"date":"2021-11-19T05:30:13","date_gmt":"2021-11-19T05:30:13","guid":{"rendered":"https:\/\/www.crashautomotive.pl\/?page_id=28"},"modified":"2026-02-10T11:39:32","modified_gmt":"2026-02-10T10:39:32","slug":"odczyt-i-analiza-danych-edr","status":"publish","type":"page","link":"https:\/\/www.crashautomotive.pl\/index.php\/odczyt-i-analiza-danych-edr\/","title":{"rendered":"Odczyt i analiza danych EDR"},"content":{"rendered":"\n<p>EDR (z ang. Event Data Recorder) \/ CDR &#8211; rejestrator danych podczas zdarzenia, rejestruje du\u017co informacji o parametrach ruchu w trakcie zdarzenia jak i r\u00f3wnie\u017c na chwil\u0119 przed nim. Informacje te mo\u017cna p\u00f3\u017aniej wykorzysta\u0107 do okre\u015blenia sprawcy kolizji \/ wypadku. Takie dane pomocne s\u0105 r\u00f3wnie\u017c przy odtworzeniu przebiegu zdarzenia \/ wypadku. <br><br><img loading=\"lazy\" decoding=\"async\" width=\"400\" height=\"267\" class=\"wp-image-9\" style=\"width: 400px;\" src=\"https:\/\/www.crashautomotive.pl\/wp-content\/uploads\/2021\/11\/4903ff-elektryka-i-elektronika-samochodowa-uslugi-i-firmy-zdjecia.jpg\" alt=\"\" srcset=\"https:\/\/www.crashautomotive.pl\/wp-content\/uploads\/2021\/11\/4903ff-elektryka-i-elektronika-samochodowa-uslugi-i-firmy-zdjecia.jpg 1000w, https:\/\/www.crashautomotive.pl\/wp-content\/uploads\/2021\/11\/4903ff-elektryka-i-elektronika-samochodowa-uslugi-i-firmy-zdjecia-300x200.jpg 300w, https:\/\/www.crashautomotive.pl\/wp-content\/uploads\/2021\/11\/4903ff-elektryka-i-elektronika-samochodowa-uslugi-i-firmy-zdjecia-768x512.jpg 768w, https:\/\/www.crashautomotive.pl\/wp-content\/uploads\/2021\/11\/4903ff-elektryka-i-elektronika-samochodowa-uslugi-i-firmy-zdjecia-825x550.jpg 825w, https:\/\/www.crashautomotive.pl\/wp-content\/uploads\/2021\/11\/4903ff-elektryka-i-elektronika-samochodowa-uslugi-i-firmy-zdjecia-600x400.jpg 600w, https:\/\/www.crashautomotive.pl\/wp-content\/uploads\/2021\/11\/4903ff-elektryka-i-elektronika-samochodowa-uslugi-i-firmy-zdjecia-400x267.jpg 400w\" sizes=\"auto, (max-width: 400px) 100vw, 400px\" \/><\/p>\n\n\n\n<p><strong>Odczyt danych elektronicznych EDR<\/strong><br><br>Urz\u0105dzenie <strong>Bosch CDR (Crash Data Retrieval)<\/strong> s\u0142u\u017cy do odczytywania danych zapisanych w <strong>Elektronicznych Rejestratorach Danych (EDR)<\/strong> pojazd\u00f3w.<br>EDR to systemy montowane w samochodach, kt\u00f3re rejestruj\u0105 i przechowuj\u0105 kluczowe informacje dotycz\u0105ce parametr\u00f3w ruchu pojazdu na oko\u0142o <strong>5 sekund przed zderzeniem<\/strong>.<\/p>\n\n\n\n<p>Za pomoc\u0105 EDR mo\u017cliwy jest odczyt m.in. nast\u0119puj\u0105cych danych:<\/p>\n\n\n\n<ul class=\"wp-block-list\">\n<li>pr\u0119dko\u015bci pojazdu bezpo\u015brednio przed zdarzeniem,<\/li>\n\n\n\n<li>stanu uk\u0142adu hamulcowego (ABS) oraz stopnia wci\u015bni\u0119cia peda\u0142u przyspieszenia,<\/li>\n\n\n\n<li>informacji o zadzia\u0142aniu poduszek powietrznych,<\/li>\n\n\n\n<li>aktywno\u015bci napinaczy pas\u00f3w bezpiecze\u0144stwa,<\/li>\n\n\n\n<li>k\u0105ta skr\u0119tu kierownicy.<\/li>\n<\/ul>\n\n\n\n<p>Analiza tych danych umo\u017cliwia specjalistom <strong>precyzyjn\u0105 rekonstrukcj\u0119 przebiegu zdarzenia drogowego<\/strong>, co ma kluczowe znaczenie przy ustalaniu rzeczywistych okoliczno\u015bci kolizji lub wypadku.<br><\/p>\n\n\n\n<figure class=\"wp-block-image size-large is-resized\"><img loading=\"lazy\" decoding=\"async\" width=\"1024\" height=\"576\" src=\"https:\/\/www.crashautomotive.pl\/wp-content\/uploads\/2026\/02\/EDR_Audi-1024x576.jpeg\" alt=\"\" class=\"wp-image-15981\" style=\"width:452px;height:auto\" srcset=\"https:\/\/www.crashautomotive.pl\/wp-content\/uploads\/2026\/02\/EDR_Audi-1024x576.jpeg 1024w, https:\/\/www.crashautomotive.pl\/wp-content\/uploads\/2026\/02\/EDR_Audi-300x169.jpeg 300w, https:\/\/www.crashautomotive.pl\/wp-content\/uploads\/2026\/02\/EDR_Audi-768x432.jpeg 768w, https:\/\/www.crashautomotive.pl\/wp-content\/uploads\/2026\/02\/EDR_Audi-1536x864.jpeg 1536w, https:\/\/www.crashautomotive.pl\/wp-content\/uploads\/2026\/02\/EDR_Audi-2048x1152.jpeg 2048w\" sizes=\"auto, (max-width: 1024px) 100vw, 1024px\" \/><\/figure>\n\n\n\n<p>Osoby dokonuj\u0105ce pozyskania i analizy danych elektronicznych posiadaj\u0105 <strong>europejskie certyfikaty Analityka i Technika<\/strong> danych wypadkowych pojazd\u00f3w<strong> \/EDR, CDR\/<\/strong><\/p>\n\n\n\n<p><\/p>\n\n\n\n<p><\/p>\n","protected":false},"excerpt":{"rendered":"<p>EDR (z ang. Event Data Recorder) \/ CDR &#8211; rejestrator danych podczas zdarzenia, rejestruje du\u017co informacji o parametrach ruchu w trakcie zdarzenia jak i r\u00f3wnie\u017c na chwil\u0119 przed nim. Informacje te mo\u017cna p\u00f3\u017aniej wykorzysta\u0107 do okre\u015blenia sprawcy kolizji \/ wypadku. Takie dane pomocne s\u0105 r\u00f3wnie\u017c przy odtworzeniu przebiegu zdarzenia \/ wypadku. Odczyt danych elektronicznych EDR [&hellip;]<\/p>\n","protected":false},"author":1,"featured_media":0,"parent":0,"menu_order":0,"comment_status":"closed","ping_status":"open","template":"","meta":{"site-sidebar-layout":"default","site-content-layout":"","ast-site-content-layout":"default","site-content-style":"default","site-sidebar-style":"default","ast-global-header-display":"","ast-banner-title-visibility":"","ast-main-header-display":"","ast-hfb-above-header-display":"","ast-hfb-below-header-display":"","ast-hfb-mobile-header-display":"","site-post-title":"","ast-breadcrumbs-content":"","ast-featured-img":"","footer-sml-layout":"","ast-disable-related-posts":"","theme-transparent-header-meta":"","adv-header-id-meta":"","stick-header-meta":"","header-above-stick-meta":"","header-main-stick-meta":"","header-below-stick-meta":"","astra-migrate-meta-layouts":"set","ast-page-background-enabled":"default","ast-page-background-meta":{"desktop":{"background-color":"var(--ast-global-color-4)","background-image":"","background-repeat":"repeat","background-position":"center center","background-size":"auto","background-attachment":"scroll","background-type":"","background-media":"","overlay-type":"","overlay-color":"","overlay-opacity":"","overlay-gradient":""},"tablet":{"background-color":"","background-image":"","background-repeat":"repeat","background-position":"center center","background-size":"auto","background-attachment":"scroll","background-type":"","background-media":"","overlay-type":"","overlay-color":"","overlay-opacity":"","overlay-gradient":""},"mobile":{"background-color":"","background-image":"","background-repeat":"repeat","background-position":"center center","background-size":"auto","background-attachment":"scroll","background-type":"","background-media":"","overlay-type":"","overlay-color":"","overlay-opacity":"","overlay-gradient":""}},"ast-content-background-meta":{"desktop":{"background-color":"var(--ast-global-color-5)","background-image":"","background-repeat":"repeat","background-position":"center center","background-size":"auto","background-attachment":"scroll","background-type":"","background-media":"","overlay-type":"","overlay-color":"","overlay-opacity":"","overlay-gradient":""},"tablet":{"background-color":"var(--ast-global-color-5)","background-image":"","background-repeat":"repeat","background-position":"center center","background-size":"auto","background-attachment":"scroll","background-type":"","background-media":"","overlay-type":"","overlay-color":"","overlay-opacity":"","overlay-gradient":""},"mobile":{"background-color":"var(--ast-global-color-5)","background-image":"","background-repeat":"repeat","background-position":"center center","background-size":"auto","background-attachment":"scroll","background-type":"","background-media":"","overlay-type":"","overlay-color":"","overlay-opacity":"","overlay-gradient":""}},"footnotes":""},"class_list":["post-28","page","type-page","status-publish","hentry"],"_links":{"self":[{"href":"https:\/\/www.crashautomotive.pl\/index.php\/wp-json\/wp\/v2\/pages\/28","targetHints":{"allow":["GET"]}}],"collection":[{"href":"https:\/\/www.crashautomotive.pl\/index.php\/wp-json\/wp\/v2\/pages"}],"about":[{"href":"https:\/\/www.crashautomotive.pl\/index.php\/wp-json\/wp\/v2\/types\/page"}],"author":[{"embeddable":true,"href":"https:\/\/www.crashautomotive.pl\/index.php\/wp-json\/wp\/v2\/users\/1"}],"replies":[{"embeddable":true,"href":"https:\/\/www.crashautomotive.pl\/index.php\/wp-json\/wp\/v2\/comments?post=28"}],"version-history":[{"count":5,"href":"https:\/\/www.crashautomotive.pl\/index.php\/wp-json\/wp\/v2\/pages\/28\/revisions"}],"predecessor-version":[{"id":15982,"href":"https:\/\/www.crashautomotive.pl\/index.php\/wp-json\/wp\/v2\/pages\/28\/revisions\/15982"}],"wp:attachment":[{"href":"https:\/\/www.crashautomotive.pl\/index.php\/wp-json\/wp\/v2\/media?parent=28"}],"curies":[{"name":"wp","href":"https:\/\/api.w.org\/{rel}","templated":true}]}}