{"id":30,"date":"2021-11-19T05:31:59","date_gmt":"2021-11-19T05:31:59","guid":{"rendered":"https:\/\/www.crashautomotive.pl\/?page_id=30"},"modified":"2026-02-10T10:22:04","modified_gmt":"2026-02-10T09:22:04","slug":"rekonstrukcja-wypadkow-drogowych","status":"publish","type":"page","link":"https:\/\/www.crashautomotive.pl\/index.php\/rekonstrukcja-wypadkow-drogowych\/","title":{"rendered":"Rekonstrukcja wypadk\u00f3w drogowych"},"content":{"rendered":"\n<p>Przeprowadzamy rekonstrukcj\u0119 zdarze\u0144 \/ wypadk\u00f3w drogowych. Opinie wykonywane s\u0105 w charakterze rekonstrukcji przebiegu zdarzenia drogowego g\u0142\u00f3wnie na potrzeby S\u0105d\u00f3w, Prokuratur i Policji a tak\u017ce dla klient\u00f3w indywidualnych.<br>Zadaniem sporz\u0105dzenia opinii w obszarze rekonstrukcji zdarzenia drogowego jest przewa\u017cnie odtworzenie przebiegu zdarzenia \/ wypadku.<br>Wykonuj\u0105c rekonstrukcje wypadk\u00f3w i kolizji drogowych korzystamy z wiedzy, do\u015bwiadczenia oraz niezb\u0119dnych do tego celu program\u00f3w komputerowych, kt\u00f3re umo\u017cliwiaj\u0105 wykonanie symulacji przebiegu zdarzenia drogowego, mog\u0105 okre\u015bli\u0107 mi\u0119dzy innymi pr\u0119dko\u015b\u0107 samochod\u00f3w w chwili zderzenia i przyczyny zaistnienia wypadku b\u0105d\u017a kolizji samochodowej.<br>Przeprowadzamy analiz\u0119 danych elektronicznych w tym EDR (z ang. Event Data Recorder) \/ CDR &#8211; rejestrator danych podczas zdarzenia, rejestruje du\u017co informacji o parametrach ruchu w trakcie zdarzenia jak i r\u00f3wnie\u017c na chwil\u0119 przed nim. Informacje te mo\u017cna p\u00f3\u017aniej wykorzysta\u0107 do okre\u015blenia sprawcy kolizji \/ wypadku. Takie dane pomocne s\u0105 r\u00f3wnie\u017c przy odtworzeniu przebiegu zdarzenia \/ wypadku. <br>Dla prawid\u0142owej analizy mo\u017cliwe jest zeskanowanie miejsca zdarzenia celem odwzorowania w \u015brodowisku symulacyjnym miejsca zdarzenia, widoczno\u015bci jak\u0105 mieli uczestnicy zdarzenia.<\/p>\n\n\n\n<p>U\u017cywamy zaawansowanych technologii, sprz\u0119tu oraz oprogramowania do cel\u00f3w rekonstrukcyjnych V-Sim 7.0<br><img loading=\"lazy\" decoding=\"async\" width=\"400\" height=\"233\" class=\"wp-image-17\" style=\"width: 400px;\" src=\"https:\/\/www.crashautomotive.pl\/wp-content\/uploads\/2021\/11\/drumcondra-crash-7-1068x623-1.jpg\" alt=\"\" srcset=\"https:\/\/www.crashautomotive.pl\/wp-content\/uploads\/2021\/11\/drumcondra-crash-7-1068x623-1.jpg 1068w, https:\/\/www.crashautomotive.pl\/wp-content\/uploads\/2021\/11\/drumcondra-crash-7-1068x623-1-300x175.jpg 300w, https:\/\/www.crashautomotive.pl\/wp-content\/uploads\/2021\/11\/drumcondra-crash-7-1068x623-1-1024x597.jpg 1024w, https:\/\/www.crashautomotive.pl\/wp-content\/uploads\/2021\/11\/drumcondra-crash-7-1068x623-1-768x448.jpg 768w, https:\/\/www.crashautomotive.pl\/wp-content\/uploads\/2021\/11\/drumcondra-crash-7-1068x623-1-825x481.jpg 825w, https:\/\/www.crashautomotive.pl\/wp-content\/uploads\/2021\/11\/drumcondra-crash-7-1068x623-1-600x350.jpg 600w, https:\/\/www.crashautomotive.pl\/wp-content\/uploads\/2021\/11\/drumcondra-crash-7-1068x623-1-400x233.jpg 400w\" sizes=\"auto, (max-width: 400px) 100vw, 400px\" \/> <br><\/p>\n\n\n\n<figure class=\"wp-block-gallery has-nested-images columns-default is-cropped wp-block-gallery-1 is-layout-flex wp-block-gallery-is-layout-flex\">\n<figure class=\"wp-block-image size-large\"><img loading=\"lazy\" decoding=\"async\" width=\"2013\" height=\"1014\" data-id=\"1823\" src=\"https:\/\/www.crashautomotive.pl\/wp-content\/uploads\/2022\/03\/2.jpg\" alt=\"\" class=\"wp-image-1823\" srcset=\"https:\/\/www.crashautomotive.pl\/wp-content\/uploads\/2022\/03\/2.jpg 2013w, https:\/\/www.crashautomotive.pl\/wp-content\/uploads\/2022\/03\/2-300x151.jpg 300w, https:\/\/www.crashautomotive.pl\/wp-content\/uploads\/2022\/03\/2-1024x516.jpg 1024w, https:\/\/www.crashautomotive.pl\/wp-content\/uploads\/2022\/03\/2-768x387.jpg 768w, https:\/\/www.crashautomotive.pl\/wp-content\/uploads\/2022\/03\/2-1536x774.jpg 1536w\" sizes=\"auto, (max-width: 2013px) 100vw, 2013px\" \/><\/figure>\n\n\n\n<figure class=\"wp-block-image size-large\"><img loading=\"lazy\" decoding=\"async\" width=\"1534\" height=\"1010\" data-id=\"1824\" src=\"https:\/\/www.crashautomotive.pl\/wp-content\/uploads\/2022\/03\/3.jpg\" alt=\"\" class=\"wp-image-1824\" srcset=\"https:\/\/www.crashautomotive.pl\/wp-content\/uploads\/2022\/03\/3.jpg 1534w, https:\/\/www.crashautomotive.pl\/wp-content\/uploads\/2022\/03\/3-300x198.jpg 300w, https:\/\/www.crashautomotive.pl\/wp-content\/uploads\/2022\/03\/3-1024x674.jpg 1024w, https:\/\/www.crashautomotive.pl\/wp-content\/uploads\/2022\/03\/3-768x506.jpg 768w\" sizes=\"auto, (max-width: 1534px) 100vw, 1534px\" \/><\/figure>\n\n\n\n<figure class=\"wp-block-image size-large\"><img loading=\"lazy\" decoding=\"async\" width=\"1467\" height=\"974\" data-id=\"1826\" src=\"https:\/\/www.crashautomotive.pl\/wp-content\/uploads\/2022\/03\/5.jpg\" alt=\"\" class=\"wp-image-1826\" srcset=\"https:\/\/www.crashautomotive.pl\/wp-content\/uploads\/2022\/03\/5.jpg 1467w, https:\/\/www.crashautomotive.pl\/wp-content\/uploads\/2022\/03\/5-300x199.jpg 300w, https:\/\/www.crashautomotive.pl\/wp-content\/uploads\/2022\/03\/5-1024x680.jpg 1024w, https:\/\/www.crashautomotive.pl\/wp-content\/uploads\/2022\/03\/5-768x510.jpg 768w\" sizes=\"auto, (max-width: 1467px) 100vw, 1467px\" \/><\/figure>\n\n\n\n<figure class=\"wp-block-image size-large\"><img loading=\"lazy\" decoding=\"async\" width=\"1521\" height=\"852\" data-id=\"1827\" src=\"https:\/\/www.crashautomotive.pl\/wp-content\/uploads\/2022\/03\/6.jpg\" alt=\"\" class=\"wp-image-1827\" srcset=\"https:\/\/www.crashautomotive.pl\/wp-content\/uploads\/2022\/03\/6.jpg 1521w, https:\/\/www.crashautomotive.pl\/wp-content\/uploads\/2022\/03\/6-300x168.jpg 300w, https:\/\/www.crashautomotive.pl\/wp-content\/uploads\/2022\/03\/6-1024x574.jpg 1024w, https:\/\/www.crashautomotive.pl\/wp-content\/uploads\/2022\/03\/6-768x430.jpg 768w\" sizes=\"auto, (max-width: 1521px) 100vw, 1521px\" \/><\/figure>\n\n\n\n<figure class=\"wp-block-image size-large\"><img loading=\"lazy\" decoding=\"async\" width=\"1332\" height=\"818\" data-id=\"1830\" src=\"https:\/\/www.crashautomotive.pl\/wp-content\/uploads\/2022\/03\/9.jpg\" alt=\"\" class=\"wp-image-1830\" srcset=\"https:\/\/www.crashautomotive.pl\/wp-content\/uploads\/2022\/03\/9.jpg 1332w, https:\/\/www.crashautomotive.pl\/wp-content\/uploads\/2022\/03\/9-300x184.jpg 300w, https:\/\/www.crashautomotive.pl\/wp-content\/uploads\/2022\/03\/9-1024x629.jpg 1024w, https:\/\/www.crashautomotive.pl\/wp-content\/uploads\/2022\/03\/9-768x472.jpg 768w\" sizes=\"auto, (max-width: 1332px) 100vw, 1332px\" \/><\/figure>\n<\/figure>\n\n\n\n<figure class=\"wp-block-gallery has-nested-images columns-default is-cropped wp-block-gallery-2 is-layout-flex wp-block-gallery-is-layout-flex\">\n<figure class=\"wp-block-image size-large\"><img loading=\"lazy\" decoding=\"async\" width=\"1024\" height=\"462\" data-id=\"1868\" src=\"https:\/\/www.crashautomotive.pl\/wp-content\/uploads\/2023\/01\/CrashAutomotive-1024x462.jpg\" alt=\"\" class=\"wp-image-1868\" srcset=\"https:\/\/www.crashautomotive.pl\/wp-content\/uploads\/2023\/01\/CrashAutomotive-1024x462.jpg 1024w, https:\/\/www.crashautomotive.pl\/wp-content\/uploads\/2023\/01\/CrashAutomotive-300x135.jpg 300w, https:\/\/www.crashautomotive.pl\/wp-content\/uploads\/2023\/01\/CrashAutomotive-768x346.jpg 768w, https:\/\/www.crashautomotive.pl\/wp-content\/uploads\/2023\/01\/CrashAutomotive-1536x692.jpg 1536w, https:\/\/www.crashautomotive.pl\/wp-content\/uploads\/2023\/01\/CrashAutomotive.jpg 1817w\" sizes=\"auto, (max-width: 1024px) 100vw, 1024px\" \/><\/figure>\n\n\n\n<figure class=\"wp-block-image size-large\"><img loading=\"lazy\" decoding=\"async\" width=\"1024\" height=\"486\" data-id=\"1871\" src=\"https:\/\/www.crashautomotive.pl\/wp-content\/uploads\/2023\/01\/Zrzut-ekranu-2023-01-11-151049-1-1024x486.jpg\" alt=\"\" class=\"wp-image-1871\" srcset=\"https:\/\/www.crashautomotive.pl\/wp-content\/uploads\/2023\/01\/Zrzut-ekranu-2023-01-11-151049-1-1024x486.jpg 1024w, https:\/\/www.crashautomotive.pl\/wp-content\/uploads\/2023\/01\/Zrzut-ekranu-2023-01-11-151049-1-300x142.jpg 300w, https:\/\/www.crashautomotive.pl\/wp-content\/uploads\/2023\/01\/Zrzut-ekranu-2023-01-11-151049-1-768x364.jpg 768w, https:\/\/www.crashautomotive.pl\/wp-content\/uploads\/2023\/01\/Zrzut-ekranu-2023-01-11-151049-1-1536x729.jpg 1536w, https:\/\/www.crashautomotive.pl\/wp-content\/uploads\/2023\/01\/Zrzut-ekranu-2023-01-11-151049-1.jpg 1859w\" sizes=\"auto, (max-width: 1024px) 100vw, 1024px\" \/><\/figure>\n\n\n\n<figure class=\"wp-block-image size-large\"><img loading=\"lazy\" decoding=\"async\" width=\"1024\" height=\"517\" data-id=\"1872\" src=\"https:\/\/www.crashautomotive.pl\/wp-content\/uploads\/2023\/01\/Zrzut-ekranu-2023-01-11-150050-1-1024x517.jpg\" alt=\"\" class=\"wp-image-1872\" srcset=\"https:\/\/www.crashautomotive.pl\/wp-content\/uploads\/2023\/01\/Zrzut-ekranu-2023-01-11-150050-1-1024x517.jpg 1024w, https:\/\/www.crashautomotive.pl\/wp-content\/uploads\/2023\/01\/Zrzut-ekranu-2023-01-11-150050-1-300x152.jpg 300w, https:\/\/www.crashautomotive.pl\/wp-content\/uploads\/2023\/01\/Zrzut-ekranu-2023-01-11-150050-1-768x388.jpg 768w, https:\/\/www.crashautomotive.pl\/wp-content\/uploads\/2023\/01\/Zrzut-ekranu-2023-01-11-150050-1-1536x776.jpg 1536w, https:\/\/www.crashautomotive.pl\/wp-content\/uploads\/2023\/01\/Zrzut-ekranu-2023-01-11-150050-1-2048x1035.jpg 2048w\" sizes=\"auto, (max-width: 1024px) 100vw, 1024px\" \/><\/figure>\n<\/figure>\n\n\n\n<figure class=\"wp-block-gallery has-nested-images columns-default is-cropped wp-block-gallery-3 is-layout-flex wp-block-gallery-is-layout-flex\">\n<figure class=\"wp-block-image size-large\"><img loading=\"lazy\" decoding=\"async\" width=\"1024\" height=\"504\" data-id=\"1875\" src=\"https:\/\/www.crashautomotive.pl\/wp-content\/uploads\/2023\/01\/Bez-nazwy-5-1024x504.jpg\" alt=\"\" class=\"wp-image-1875\" srcset=\"https:\/\/www.crashautomotive.pl\/wp-content\/uploads\/2023\/01\/Bez-nazwy-5-1024x504.jpg 1024w, https:\/\/www.crashautomotive.pl\/wp-content\/uploads\/2023\/01\/Bez-nazwy-5-300x148.jpg 300w, https:\/\/www.crashautomotive.pl\/wp-content\/uploads\/2023\/01\/Bez-nazwy-5-768x378.jpg 768w, https:\/\/www.crashautomotive.pl\/wp-content\/uploads\/2023\/01\/Bez-nazwy-5-1536x756.jpg 1536w, https:\/\/www.crashautomotive.pl\/wp-content\/uploads\/2023\/01\/Bez-nazwy-5-2048x1008.jpg 2048w\" sizes=\"auto, (max-width: 1024px) 100vw, 1024px\" \/><\/figure>\n\n\n\n<figure class=\"wp-block-image size-large\"><img loading=\"lazy\" decoding=\"async\" width=\"1024\" height=\"506\" data-id=\"1874\" src=\"https:\/\/www.crashautomotive.pl\/wp-content\/uploads\/2023\/01\/Zrzut-ekranu-2022-11-14-133618-1024x506.jpg\" alt=\"\" class=\"wp-image-1874\" srcset=\"https:\/\/www.crashautomotive.pl\/wp-content\/uploads\/2023\/01\/Zrzut-ekranu-2022-11-14-133618-1024x506.jpg 1024w, https:\/\/www.crashautomotive.pl\/wp-content\/uploads\/2023\/01\/Zrzut-ekranu-2022-11-14-133618-300x148.jpg 300w, https:\/\/www.crashautomotive.pl\/wp-content\/uploads\/2023\/01\/Zrzut-ekranu-2022-11-14-133618-768x379.jpg 768w, https:\/\/www.crashautomotive.pl\/wp-content\/uploads\/2023\/01\/Zrzut-ekranu-2022-11-14-133618-1536x759.jpg 1536w, https:\/\/www.crashautomotive.pl\/wp-content\/uploads\/2023\/01\/Zrzut-ekranu-2022-11-14-133618-2048x1012.jpg 2048w\" sizes=\"auto, (max-width: 1024px) 100vw, 1024px\" \/><\/figure>\n\n\n\n<figure class=\"wp-block-image size-large\"><img loading=\"lazy\" decoding=\"async\" width=\"1024\" height=\"506\" data-id=\"1873\" src=\"https:\/\/www.crashautomotive.pl\/wp-content\/uploads\/2023\/01\/Zrzut-ekranu-2022-11-14-133922-1024x506.jpg\" alt=\"\" class=\"wp-image-1873\" srcset=\"https:\/\/www.crashautomotive.pl\/wp-content\/uploads\/2023\/01\/Zrzut-ekranu-2022-11-14-133922-1024x506.jpg 1024w, https:\/\/www.crashautomotive.pl\/wp-content\/uploads\/2023\/01\/Zrzut-ekranu-2022-11-14-133922-300x148.jpg 300w, https:\/\/www.crashautomotive.pl\/wp-content\/uploads\/2023\/01\/Zrzut-ekranu-2022-11-14-133922-768x379.jpg 768w, https:\/\/www.crashautomotive.pl\/wp-content\/uploads\/2023\/01\/Zrzut-ekranu-2022-11-14-133922-1536x759.jpg 1536w, https:\/\/www.crashautomotive.pl\/wp-content\/uploads\/2023\/01\/Zrzut-ekranu-2022-11-14-133922-2048x1012.jpg 2048w\" sizes=\"auto, (max-width: 1024px) 100vw, 1024px\" \/><\/figure>\n<\/figure>\n\n\n\n<figure class=\"wp-block-gallery has-nested-images columns-default is-cropped wp-block-gallery-4 is-layout-flex wp-block-gallery-is-layout-flex\">\n<figure class=\"wp-block-image size-large\"><img loading=\"lazy\" decoding=\"async\" width=\"1024\" height=\"516\" data-id=\"1876\" src=\"https:\/\/www.crashautomotive.pl\/wp-content\/uploads\/2023\/01\/motocykl-3D_rzeczywisa-1024x516.jpg\" alt=\"\" class=\"wp-image-1876\" srcset=\"https:\/\/www.crashautomotive.pl\/wp-content\/uploads\/2023\/01\/motocykl-3D_rzeczywisa-1024x516.jpg 1024w, https:\/\/www.crashautomotive.pl\/wp-content\/uploads\/2023\/01\/motocykl-3D_rzeczywisa-300x151.jpg 300w, https:\/\/www.crashautomotive.pl\/wp-content\/uploads\/2023\/01\/motocykl-3D_rzeczywisa-768x387.jpg 768w, https:\/\/www.crashautomotive.pl\/wp-content\/uploads\/2023\/01\/motocykl-3D_rzeczywisa-1536x774.jpg 1536w, https:\/\/www.crashautomotive.pl\/wp-content\/uploads\/2023\/01\/motocykl-3D_rzeczywisa-2048x1033.jpg 2048w\" sizes=\"auto, (max-width: 1024px) 100vw, 1024px\" \/><\/figure>\n\n\n\n<figure class=\"wp-block-image size-large\"><img loading=\"lazy\" decoding=\"async\" width=\"1024\" height=\"558\" data-id=\"1881\" src=\"https:\/\/www.crashautomotive.pl\/wp-content\/uploads\/2023\/01\/Zrzut-ekranu-2022-11-17-125004-1024x558.jpg\" alt=\"\" class=\"wp-image-1881\" srcset=\"https:\/\/www.crashautomotive.pl\/wp-content\/uploads\/2023\/01\/Zrzut-ekranu-2022-11-17-125004-1024x558.jpg 1024w, https:\/\/www.crashautomotive.pl\/wp-content\/uploads\/2023\/01\/Zrzut-ekranu-2022-11-17-125004-300x164.jpg 300w, https:\/\/www.crashautomotive.pl\/wp-content\/uploads\/2023\/01\/Zrzut-ekranu-2022-11-17-125004-768x419.jpg 768w, https:\/\/www.crashautomotive.pl\/wp-content\/uploads\/2023\/01\/Zrzut-ekranu-2022-11-17-125004-1536x837.jpg 1536w, https:\/\/www.crashautomotive.pl\/wp-content\/uploads\/2023\/01\/Zrzut-ekranu-2022-11-17-125004-2048x1116.jpg 2048w\" sizes=\"auto, (max-width: 1024px) 100vw, 1024px\" \/><\/figure>\n\n\n\n<figure class=\"wp-block-image size-large\"><img loading=\"lazy\" decoding=\"async\" width=\"1024\" height=\"562\" data-id=\"1880\" src=\"https:\/\/www.crashautomotive.pl\/wp-content\/uploads\/2023\/01\/Zrzut-ekranu-2022-11-17-232627-1024x562.jpg\" alt=\"\" class=\"wp-image-1880\" srcset=\"https:\/\/www.crashautomotive.pl\/wp-content\/uploads\/2023\/01\/Zrzut-ekranu-2022-11-17-232627-1024x562.jpg 1024w, https:\/\/www.crashautomotive.pl\/wp-content\/uploads\/2023\/01\/Zrzut-ekranu-2022-11-17-232627-300x165.jpg 300w, https:\/\/www.crashautomotive.pl\/wp-content\/uploads\/2023\/01\/Zrzut-ekranu-2022-11-17-232627-768x422.jpg 768w, https:\/\/www.crashautomotive.pl\/wp-content\/uploads\/2023\/01\/Zrzut-ekranu-2022-11-17-232627-1536x843.jpg 1536w, https:\/\/www.crashautomotive.pl\/wp-content\/uploads\/2023\/01\/Zrzut-ekranu-2022-11-17-232627-2048x1124.jpg 2048w\" sizes=\"auto, (max-width: 1024px) 100vw, 1024px\" \/><\/figure>\n\n\n\n<figure class=\"wp-block-image size-large\"><img loading=\"lazy\" decoding=\"async\" width=\"1024\" height=\"568\" data-id=\"1877\" src=\"https:\/\/www.crashautomotive.pl\/wp-content\/uploads\/2023\/01\/Zrzut-ekranu-2022-11-20-174836-1024x568.jpg\" alt=\"\" class=\"wp-image-1877\" srcset=\"https:\/\/www.crashautomotive.pl\/wp-content\/uploads\/2023\/01\/Zrzut-ekranu-2022-11-20-174836-1024x568.jpg 1024w, https:\/\/www.crashautomotive.pl\/wp-content\/uploads\/2023\/01\/Zrzut-ekranu-2022-11-20-174836-300x166.jpg 300w, https:\/\/www.crashautomotive.pl\/wp-content\/uploads\/2023\/01\/Zrzut-ekranu-2022-11-20-174836-768x426.jpg 768w, https:\/\/www.crashautomotive.pl\/wp-content\/uploads\/2023\/01\/Zrzut-ekranu-2022-11-20-174836-1536x851.jpg 1536w, https:\/\/www.crashautomotive.pl\/wp-content\/uploads\/2023\/01\/Zrzut-ekranu-2022-11-20-174836-2048x1135.jpg 2048w\" sizes=\"auto, (max-width: 1024px) 100vw, 1024px\" \/><\/figure>\n\n\n\n<figure class=\"wp-block-image size-large\"><img loading=\"lazy\" decoding=\"async\" width=\"1024\" height=\"589\" data-id=\"1878\" src=\"https:\/\/www.crashautomotive.pl\/wp-content\/uploads\/2023\/01\/Zrzut-ekranu-2022-11-20-214742-1024x589.jpg\" alt=\"\" class=\"wp-image-1878\" srcset=\"https:\/\/www.crashautomotive.pl\/wp-content\/uploads\/2023\/01\/Zrzut-ekranu-2022-11-20-214742-1024x589.jpg 1024w, https:\/\/www.crashautomotive.pl\/wp-content\/uploads\/2023\/01\/Zrzut-ekranu-2022-11-20-214742-300x173.jpg 300w, https:\/\/www.crashautomotive.pl\/wp-content\/uploads\/2023\/01\/Zrzut-ekranu-2022-11-20-214742-768x442.jpg 768w, https:\/\/www.crashautomotive.pl\/wp-content\/uploads\/2023\/01\/Zrzut-ekranu-2022-11-20-214742-1536x884.jpg 1536w, https:\/\/www.crashautomotive.pl\/wp-content\/uploads\/2023\/01\/Zrzut-ekranu-2022-11-20-214742.jpg 1710w\" sizes=\"auto, (max-width: 1024px) 100vw, 1024px\" \/><\/figure>\n\n\n\n<figure class=\"wp-block-image size-large\"><img loading=\"lazy\" decoding=\"async\" width=\"1024\" height=\"510\" data-id=\"1879\" src=\"https:\/\/www.crashautomotive.pl\/wp-content\/uploads\/2023\/01\/Zrzut-ekranu-2022-12-20-124301-1024x510.jpg\" alt=\"\" class=\"wp-image-1879\" srcset=\"https:\/\/www.crashautomotive.pl\/wp-content\/uploads\/2023\/01\/Zrzut-ekranu-2022-12-20-124301-1024x510.jpg 1024w, https:\/\/www.crashautomotive.pl\/wp-content\/uploads\/2023\/01\/Zrzut-ekranu-2022-12-20-124301-300x150.jpg 300w, https:\/\/www.crashautomotive.pl\/wp-content\/uploads\/2023\/01\/Zrzut-ekranu-2022-12-20-124301-768x383.jpg 768w, https:\/\/www.crashautomotive.pl\/wp-content\/uploads\/2023\/01\/Zrzut-ekranu-2022-12-20-124301-1536x766.jpg 1536w, https:\/\/www.crashautomotive.pl\/wp-content\/uploads\/2023\/01\/Zrzut-ekranu-2022-12-20-124301-2048x1021.jpg 2048w\" sizes=\"auto, (max-width: 1024px) 100vw, 1024px\" \/><\/figure>\n<\/figure>\n","protected":false},"excerpt":{"rendered":"<p>Przeprowadzamy rekonstrukcj\u0119 zdarze\u0144 \/ wypadk\u00f3w drogowych. Opinie wykonywane s\u0105 w charakterze rekonstrukcji przebiegu zdarzenia drogowego g\u0142\u00f3wnie na potrzeby S\u0105d\u00f3w, Prokuratur i Policji a tak\u017ce dla klient\u00f3w indywidualnych.Zadaniem sporz\u0105dzenia opinii w obszarze rekonstrukcji zdarzenia drogowego jest przewa\u017cnie odtworzenie przebiegu zdarzenia \/ wypadku.Wykonuj\u0105c rekonstrukcje wypadk\u00f3w i kolizji drogowych korzystamy z wiedzy, do\u015bwiadczenia oraz niezb\u0119dnych do tego celu [&hellip;]<\/p>\n","protected":false},"author":1,"featured_media":0,"parent":0,"menu_order":0,"comment_status":"closed","ping_status":"open","template":"","meta":{"site-sidebar-layout":"default","site-content-layout":"","ast-site-content-layout":"default","site-content-style":"default","site-sidebar-style":"default","ast-global-header-display":"","ast-banner-title-visibility":"","ast-main-header-display":"","ast-hfb-above-header-display":"","ast-hfb-below-header-display":"","ast-hfb-mobile-header-display":"","site-post-title":"","ast-breadcrumbs-content":"","ast-featured-img":"","footer-sml-layout":"","ast-disable-related-posts":"","theme-transparent-header-meta":"","adv-header-id-meta":"","stick-header-meta":"","header-above-stick-meta":"","header-main-stick-meta":"","header-below-stick-meta":"","astra-migrate-meta-layouts":"set","ast-page-background-enabled":"default","ast-page-background-meta":{"desktop":{"background-color":"var(--ast-global-color-4)","background-image":"","background-repeat":"repeat","background-position":"center center","background-size":"auto","background-attachment":"scroll","background-type":"","background-media":"","overlay-type":"","overlay-color":"","overlay-opacity":"","overlay-gradient":""},"tablet":{"background-color":"","background-image":"","background-repeat":"repeat","background-position":"center center","background-size":"auto","background-attachment":"scroll","background-type":"","background-media":"","overlay-type":"","overlay-color":"","overlay-opacity":"","overlay-gradient":""},"mobile":{"background-color":"","background-image":"","background-repeat":"repeat","background-position":"center center","background-size":"auto","background-attachment":"scroll","background-type":"","background-media":"","overlay-type":"","overlay-color":"","overlay-opacity":"","overlay-gradient":""}},"ast-content-background-meta":{"desktop":{"background-color":"var(--ast-global-color-5)","background-image":"","background-repeat":"repeat","background-position":"center center","background-size":"auto","background-attachment":"scroll","background-type":"","background-media":"","overlay-type":"","overlay-color":"","overlay-opacity":"","overlay-gradient":""},"tablet":{"background-color":"var(--ast-global-color-5)","background-image":"","background-repeat":"repeat","background-position":"center center","background-size":"auto","background-attachment":"scroll","background-type":"","background-media":"","overlay-type":"","overlay-color":"","overlay-opacity":"","overlay-gradient":""},"mobile":{"background-color":"var(--ast-global-color-5)","background-image":"","background-repeat":"repeat","background-position":"center center","background-size":"auto","background-attachment":"scroll","background-type":"","background-media":"","overlay-type":"","overlay-color":"","overlay-opacity":"","overlay-gradient":""}},"footnotes":""},"class_list":["post-30","page","type-page","status-publish","hentry"],"_links":{"self":[{"href":"https:\/\/www.crashautomotive.pl\/index.php\/wp-json\/wp\/v2\/pages\/30","targetHints":{"allow":["GET"]}}],"collection":[{"href":"https:\/\/www.crashautomotive.pl\/index.php\/wp-json\/wp\/v2\/pages"}],"about":[{"href":"https:\/\/www.crashautomotive.pl\/index.php\/wp-json\/wp\/v2\/types\/page"}],"author":[{"embeddable":true,"href":"https:\/\/www.crashautomotive.pl\/index.php\/wp-json\/wp\/v2\/users\/1"}],"replies":[{"embeddable":true,"href":"https:\/\/www.crashautomotive.pl\/index.php\/wp-json\/wp\/v2\/comments?post=30"}],"version-history":[{"count":7,"href":"https:\/\/www.crashautomotive.pl\/index.php\/wp-json\/wp\/v2\/pages\/30\/revisions"}],"predecessor-version":[{"id":15967,"href":"https:\/\/www.crashautomotive.pl\/index.php\/wp-json\/wp\/v2\/pages\/30\/revisions\/15967"}],"wp:attachment":[{"href":"https:\/\/www.crashautomotive.pl\/index.php\/wp-json\/wp\/v2\/media?parent=30"}],"curies":[{"name":"wp","href":"https:\/\/api.w.org\/{rel}","templated":true}]}}