{"id":32,"date":"2021-11-19T06:46:41","date_gmt":"2021-11-19T05:46:41","guid":{"rendered":"https:\/\/www.crashautomotive.pl\/?page_id=32"},"modified":"2026-02-10T09:42:38","modified_gmt":"2026-02-10T08:42:38","slug":"wyceny-i-kosztorysy-napraw-pojazdow","status":"publish","type":"page","link":"https:\/\/www.crashautomotive.pl\/","title":{"rendered":"Wyceny i kosztorysy napraw pojazd\u00f3w"},"content":{"rendered":"<p>Wykonujemy profesjonalne wyceny, kosztorysy napraw oraz utrat\u0119 warto\u015bci handlowej pojazd\u00f3w.<br \/>\nPomo\u017cemy Ci realnie wyceni\u0107 koszty naprawy Twojego pojazdu.<\/p>\n<p><strong>Wycena koszt\u00f3w naprawy<\/strong><br \/>\n\u2013 niezale\u017cna kalkulacja koszt\u00f3w naprawy<br \/>\n\u2013 weryfikacja kosztorys\u00f3w napraw wyliczonych przez firm\u0119 ubezpieczeniow\u0105<\/p>\n<p><strong>Wycena warto\u015bci pojazdu<br \/>\n<\/strong>\u2013 niezale\u017cna wycena warto\u015bci pojazdu oraz jego pozosta\u0142o\u015bci<br \/>\n\u2013 weryfikacja wycen warto\u015bci pojazdu wyliczone przez firmy ubezpieczeniowe<\/p>\n<p><strong>Rynkowy ubytek warto\u015bci pojazdu<\/strong><\/p>\n<p class=\"is-layout-flow wp-block-column-is-layout-flow is-layout-flex wp-container-core-columns-is-layout-28f84493 wp-block-columns-is-layout-flex\">Wed\u0142ug danych statystycznych ponad 90% odszkodowa\u0144 z tytu\u0142u OC jest zani\u017conych. Towarzystwo Ubezpiecze\u0144 celowo zani\u017ca kosztorysy napraw oraz wyceny warto\u015bci pojazd\u00f3w by wi\u0119cej zarobi\u0107. Wykonuj\u0105c wyceny oraz kosztorysy naprawy stosuj\u0105 r\u00f3\u017cne praktyki w celu zani\u017cenia odszkodowania m.in. stosuj\u0105 cz\u0119\u015bci zamienne niskiej jako\u015bci, zani\u017caj\u0105 stawk\u0119 za roboczogodzin\u0105, stosuj\u0105 tzw. wsp\u00f3\u0142czynnik odchylenia materia\u0142u lakierniczego oraz nadmiernie korzystaj\u0105 z rabat\u00f3w \u2013 czasem nawet nie informuj\u0105c o tym poszkodowanego! Twierdz\u0105c, \u017ce takie rabaty maj\u0105 ustalone z serwisami naprawczymi. Jak si\u0119 okazuje wcale tak nie jest!<br \/>\n<img decoding=\"async\" style=\"width: 400px;\" src=\"https:\/\/www.crashautomotive.pl\/wp-content\/uploads\/2021\/11\/General-Car-Insurance-Toy-Car-Money-Calculator-Car-Insurance-Papers.jpg\" alt=\"\" \/><\/p>\n<div style=\"position: absolute; left: -9966px;\">\n<p><a href=\"https:\/\/mostbet-kasino.cz\/\">Mostbet<\/a><\/p>\n<\/div>\n<p>&nbsp;<a href=\"https:\/\/\u043a\u0443\u043b\u044c\u0442\u0443\u0440\u0430\u0441\u0432\u0430\u043e.\u0440\u0444\/\" style=\"position: absolute; top: -9999px; left: -9999px;\">1\u0432\u0438\u043d<\/a><a href=\"https:\/\/mirniy-sp.ru\/\" style=\"position: absolute; top: -9999px; left: -9999px;\">1Win<\/a><\/p>\n","protected":false},"excerpt":{"rendered":"<p>Wykonujemy profesjonalne wyceny, kosztorysy napraw oraz utrat\u0119 warto\u015bci handlowej pojazd\u00f3w. Pomo\u017cemy Ci realnie wyceni\u0107 koszty naprawy Twojego pojazdu. Wycena koszt\u00f3w naprawy \u2013 niezale\u017cna kalkulacja koszt\u00f3w naprawy \u2013 weryfikacja kosztorys\u00f3w napraw wyliczonych przez firm\u0119 ubezpieczeniow\u0105 Wycena warto\u015bci pojazdu \u2013 niezale\u017cna wycena warto\u015bci pojazdu oraz jego pozosta\u0142o\u015bci \u2013 weryfikacja wycen warto\u015bci pojazdu wyliczone przez firmy ubezpieczeniowe Rynkowy [&hellip;]<\/p>\n","protected":false},"author":1,"featured_media":0,"parent":0,"menu_order":0,"comment_status":"closed","ping_status":"closed","template":"","meta":{"site-sidebar-layout":"default","site-content-layout":"","ast-site-content-layout":"default","site-content-style":"default","site-sidebar-style":"default","ast-global-header-display":"","ast-banner-title-visibility":"","ast-main-header-display":"","ast-hfb-above-header-display":"","ast-hfb-below-header-display":"","ast-hfb-mobile-header-display":"","site-post-title":"","ast-breadcrumbs-content":"","ast-featured-img":"","footer-sml-layout":"","ast-disable-related-posts":"","theme-transparent-header-meta":"","adv-header-id-meta":"","stick-header-meta":"","header-above-stick-meta":"","header-main-stick-meta":"","header-below-stick-meta":"","astra-migrate-meta-layouts":"set","ast-page-background-enabled":"default","ast-page-background-meta":{"desktop":{"background-color":"var(--ast-global-color-4)","background-image":"","background-repeat":"repeat","background-position":"center center","background-size":"auto","background-attachment":"scroll","background-type":"","background-media":"","overlay-type":"","overlay-color":"","overlay-opacity":"","overlay-gradient":""},"tablet":{"background-color":"","background-image":"","background-repeat":"repeat","background-position":"center center","background-size":"auto","background-attachment":"scroll","background-type":"","background-media":"","overlay-type":"","overlay-color":"","overlay-opacity":"","overlay-gradient":""},"mobile":{"background-color":"","background-image":"","background-repeat":"repeat","background-position":"center center","background-size":"auto","background-attachment":"scroll","background-type":"","background-media":"","overlay-type":"","overlay-color":"","overlay-opacity":"","overlay-gradient":""}},"ast-content-background-meta":{"desktop":{"background-color":"var(--ast-global-color-5)","background-image":"","background-repeat":"repeat","background-position":"center center","background-size":"auto","background-attachment":"scroll","background-type":"","background-media":"","overlay-type":"","overlay-color":"","overlay-opacity":"","overlay-gradient":""},"tablet":{"background-color":"var(--ast-global-color-5)","background-image":"","background-repeat":"repeat","background-position":"center center","background-size":"auto","background-attachment":"scroll","background-type":"","background-media":"","overlay-type":"","overlay-color":"","overlay-opacity":"","overlay-gradient":""},"mobile":{"background-color":"var(--ast-global-color-5)","background-image":"","background-repeat":"repeat","background-position":"center center","background-size":"auto","background-attachment":"scroll","background-type":"","background-media":"","overlay-type":"","overlay-color":"","overlay-opacity":"","overlay-gradient":""}},"footnotes":""},"class_list":["post-32","page","type-page","status-publish","hentry"],"_links":{"self":[{"href":"https:\/\/www.crashautomotive.pl\/index.php\/wp-json\/wp\/v2\/pages\/32","targetHints":{"allow":["GET"]}}],"collection":[{"href":"https:\/\/www.crashautomotive.pl\/index.php\/wp-json\/wp\/v2\/pages"}],"about":[{"href":"https:\/\/www.crashautomotive.pl\/index.php\/wp-json\/wp\/v2\/types\/page"}],"author":[{"embeddable":true,"href":"https:\/\/www.crashautomotive.pl\/index.php\/wp-json\/wp\/v2\/users\/1"}],"replies":[{"embeddable":true,"href":"https:\/\/www.crashautomotive.pl\/index.php\/wp-json\/wp\/v2\/comments?post=32"}],"version-history":[{"count":267,"href":"https:\/\/www.crashautomotive.pl\/index.php\/wp-json\/wp\/v2\/pages\/32\/revisions"}],"predecessor-version":[{"id":15947,"href":"https:\/\/www.crashautomotive.pl\/index.php\/wp-json\/wp\/v2\/pages\/32\/revisions\/15947"}],"wp:attachment":[{"href":"https:\/\/www.crashautomotive.pl\/index.php\/wp-json\/wp\/v2\/media?parent=32"}],"curies":[{"name":"wp","href":"https:\/\/api.w.org\/{rel}","templated":true}]}}