{"id":45,"date":"2021-11-19T06:13:07","date_gmt":"2021-11-19T06:13:07","guid":{"rendered":"https:\/\/www.crashautomotive.pl\/?page_id=45"},"modified":"2023-01-27T11:01:24","modified_gmt":"2023-01-27T10:01:24","slug":"ocena-stanu-technicznego-pojazdow","status":"publish","type":"page","link":"https:\/\/www.crashautomotive.pl\/index.php\/ocena-stanu-technicznego-pojazdow\/","title":{"rendered":"Ocena stanu technicznego pojazd\u00f3w"},"content":{"rendered":"\n<p>Wykonujemy ocen\u0119 stanu technicznego samochod\u00f3w: osobowych, motocykli, ci\u0119\u017carowych, autobus\u00f3w, dostawczych oraz specjalistycznych.<br>Ocena stanu technicznego wykonywana jest przy zakupie \/ sprzeda\u017cy pojazd\u00f3w, celem ustalenia przyczyny awarii lub okre\u015bleniem stopnia i stanu zu\u017cycia eksploatacyjnego ca\u0142ego pojazdu lub jego podzespo\u0142u.<\/p>\n\n\n\n<p>W zakres oceny stanu technicznego pojazdu wchodzi:<br>\u2013 identyfikacja pojazdu,<br>\u2013 dok\u0142adne ogl\u0119dziny pojazdu,<br>\u2013 analiza stanu technicznego pojazdu lub podzespo\u0142u pojazdu,<br>\u2013 ustalenie zakresu zu\u017cycia eksploatacyjnego pojazdu \/ podzespo\u0142u,<br>\u2013 ustalenie i okre\u015blenie przyczyn oraz zakresy awarii pojazdu,<br>\u2013 pisemna ocena stanu technicznego pojazdu wraz z wydrukiem i dokumentacj\u0105 fotograficzn\u0105.<br>\u2013 odczyt i analiza danych wypadkowych EDR  (z ang. Event Data Recorder)<br><\/p>\n","protected":false},"excerpt":{"rendered":"<p>Wykonujemy ocen\u0119 stanu technicznego samochod\u00f3w: osobowych, motocykli, ci\u0119\u017carowych, autobus\u00f3w, dostawczych oraz specjalistycznych.Ocena stanu technicznego wykonywana jest przy zakupie \/ sprzeda\u017cy pojazd\u00f3w, celem ustalenia przyczyny awarii lub okre\u015bleniem stopnia i stanu zu\u017cycia eksploatacyjnego ca\u0142ego pojazdu lub jego podzespo\u0142u. W zakres oceny stanu technicznego pojazdu wchodzi:\u2013 identyfikacja pojazdu,\u2013 dok\u0142adne ogl\u0119dziny pojazdu,\u2013 analiza stanu technicznego pojazdu lub podzespo\u0142u [&hellip;]<\/p>\n","protected":false},"author":1,"featured_media":0,"parent":0,"menu_order":0,"comment_status":"closed","ping_status":"closed","template":"","meta":{"site-sidebar-layout":"default","site-content-layout":"","ast-site-content-layout":"default","site-content-style":"default","site-sidebar-style":"default","ast-global-header-display":"","ast-banner-title-visibility":"","ast-main-header-display":"","ast-hfb-above-header-display":"","ast-hfb-below-header-display":"","ast-hfb-mobile-header-display":"","site-post-title":"","ast-breadcrumbs-content":"","ast-featured-img":"","footer-sml-layout":"","ast-disable-related-posts":"","theme-transparent-header-meta":"","adv-header-id-meta":"","stick-header-meta":"","header-above-stick-meta":"","header-main-stick-meta":"","header-below-stick-meta":"","astra-migrate-meta-layouts":"default","ast-page-background-enabled":"default","ast-page-background-meta":{"desktop":{"background-color":"var(--ast-global-color-4)","background-image":"","background-repeat":"repeat","background-position":"center center","background-size":"auto","background-attachment":"scroll","background-type":"","background-media":"","overlay-type":"","overlay-color":"","overlay-opacity":"","overlay-gradient":""},"tablet":{"background-color":"","background-image":"","background-repeat":"repeat","background-position":"center center","background-size":"auto","background-attachment":"scroll","background-type":"","background-media":"","overlay-type":"","overlay-color":"","overlay-opacity":"","overlay-gradient":""},"mobile":{"background-color":"","background-image":"","background-repeat":"repeat","background-position":"center center","background-size":"auto","background-attachment":"scroll","background-type":"","background-media":"","overlay-type":"","overlay-color":"","overlay-opacity":"","overlay-gradient":""}},"ast-content-background-meta":{"desktop":{"background-color":"var(--ast-global-color-5)","background-image":"","background-repeat":"repeat","background-position":"center center","background-size":"auto","background-attachment":"scroll","background-type":"","background-media":"","overlay-type":"","overlay-color":"","overlay-opacity":"","overlay-gradient":""},"tablet":{"background-color":"var(--ast-global-color-5)","background-image":"","background-repeat":"repeat","background-position":"center center","background-size":"auto","background-attachment":"scroll","background-type":"","background-media":"","overlay-type":"","overlay-color":"","overlay-opacity":"","overlay-gradient":""},"mobile":{"background-color":"var(--ast-global-color-5)","background-image":"","background-repeat":"repeat","background-position":"center center","background-size":"auto","background-attachment":"scroll","background-type":"","background-media":"","overlay-type":"","overlay-color":"","overlay-opacity":"","overlay-gradient":""}},"footnotes":""},"class_list":["post-45","page","type-page","status-publish","hentry"],"_links":{"self":[{"href":"https:\/\/www.crashautomotive.pl\/index.php\/wp-json\/wp\/v2\/pages\/45","targetHints":{"allow":["GET"]}}],"collection":[{"href":"https:\/\/www.crashautomotive.pl\/index.php\/wp-json\/wp\/v2\/pages"}],"about":[{"href":"https:\/\/www.crashautomotive.pl\/index.php\/wp-json\/wp\/v2\/types\/page"}],"author":[{"embeddable":true,"href":"https:\/\/www.crashautomotive.pl\/index.php\/wp-json\/wp\/v2\/users\/1"}],"replies":[{"embeddable":true,"href":"https:\/\/www.crashautomotive.pl\/index.php\/wp-json\/wp\/v2\/comments?post=45"}],"version-history":[{"count":2,"href":"https:\/\/www.crashautomotive.pl\/index.php\/wp-json\/wp\/v2\/pages\/45\/revisions"}],"predecessor-version":[{"id":1860,"href":"https:\/\/www.crashautomotive.pl\/index.php\/wp-json\/wp\/v2\/pages\/45\/revisions\/1860"}],"wp:attachment":[{"href":"https:\/\/www.crashautomotive.pl\/index.php\/wp-json\/wp\/v2\/media?parent=45"}],"curies":[{"name":"wp","href":"https:\/\/api.w.org\/{rel}","templated":true}]}}